{"id":4435,"date":"2020-11-20T16:06:01","date_gmt":"2020-11-20T15:06:01","guid":{"rendered":"https:\/\/www.mesrideaux.fr\/blog\/?page_id=4435"},"modified":"2020-11-20T16:06:02","modified_gmt":"2020-11-20T15:06:02","slug":"nos-partenaires","status":"publish","type":"page","link":"https:\/\/www.mesrideaux.fr\/blog\/nos-partenaires\/","title":{"rendered":"Nos partenaires"},"content":{"rendered":"\n<p>La d\u00e9coration vous passionne et vous souhaitez agrandir votre terrain de jeu en piochant parmi les savoir faire de nombreux sp\u00e9cialistes&nbsp;?<\/p>\n\n\n\n<p>Nous vous pr\u00e9sentons sur cette page ce que nous aimons et ce que nous recommandons chez nos confr\u00e8res&nbsp;: des voilages brod\u00e9s, macram\u00e9s ou brise-bise en compl\u00e9ment des rideaux que vous pouvez commander pr\u00eats \u00e0 poser ou sur mesures sur mesrideaux.fr, les plaids en mati\u00e8res naturelles luxueuses telles l\u2019alpaga ou le cachemire de Plaid Addict, \u00e0 associer \u00e0 votre canap\u00e9 d\u00e9cor\u00e9 de coussins confectionn\u00e9s par mesrideaux.fr, des papiers peints personnalis\u00e9s en accord avec notre logique de sur mesure\u2026 Il ne reste plus qu\u2019\u00e0 vous souhaiter bonne visite&nbsp;!<\/p>\n\n\n\n<h2 class=\"wp-block-heading\">Lampe Avenue<\/h2>\n\n\n\n<p>Lampe Avenue est sp\u00e9cialiste du luminaire sur internet. Vous trouverez + de 2000 r\u00e9f\u00e9rences de luminaires d&rsquo;int\u00e9rieur et de jardin, ainsi qu&rsquo;une collection de bougies, photophores et chemin\u00e9e bio. Sur Lampe Avenue vous \u00eates sur de trouver la lampe ou l&rsquo;abat-jour qui vous convient. Acheter une applique murale ou une suspension est vrai plaisir sur Lampe Avenue.<\/p>\n\n\n\n<p><a href=\"https:\/\/www.lampe-avenue.fr\">www.lampe-avenue.fr<\/a><\/p>\n\n\n\n<h2 class=\"wp-block-heading\">D&rsquo;ennery<\/h2>\n\n\n\n<p>Matelassage \u00e0 fa\u00e7on et confection de jet\u00e9s et chemins de lit matelass\u00e9s, couettes, cache-sommiers, plaids, courtepointes, couvre-lit \u00e0 volant, t\u00eate de lit, housse de si\u00e8ge&#8230; piquage au motif ou selon le logo duc client (hotel). Nous devons \u00e0 tous nos clients la qualit\u00e9 exig\u00e9e par nos clients de renom (Georges V, Meurice, Royal-Montceau, Byblos&#8230;). Notre atelier, compos\u00e9 de 12 personnes, est r\u00e9put\u00e9 pour sa r\u00e9activit\u00e9.<\/p>\n\n\n\n<p><a href=\"https:\/\/www.denneryconfection.com\">www.denneryconfection.com<\/a><\/p>\n\n\n\n<h2 class=\"wp-block-heading\">Plaid Addict<\/h2>\n\n\n\n<p>D\u00e9couvrez un grand choix de plaids de marques en laine vierge, laine m\u00e9rinos, mohair, alpaga, cachemire et fausse fourrure sur www.plaid-addict.com<\/p>\n\n\n\n<p><a href=\"https:\/\/www.plaid-addict.com\">www.plaid-addict.com<\/a><\/p>\n\n\n\n<h2 class=\"wp-block-heading\">VivaMural<\/h2>\n\n\n\n<p>Vivamural vous permet de faire vivre vos murs avec l\u2019impression de photo sur toile mais aussi sur tableau plexi, en alu, poster adh\u00e9sif et sur papier peint intiss\u00e9 ! Vos pi\u00e8ces comme la cuisine ne seront pas en reste gr\u00e2ce \u00e0 nos stickers et magnets personnalis\u00e9s pour frigo et lave-vaisselle.<\/p>\n\n\n\n<p><a href=\"https:\/\/www.vivamural.com\">www.vivamural.com<\/a><\/p>\n\n\n\n<h2 class=\"wp-block-heading\">OhMyWall<\/h2>\n\n\n\n<p>OhMyWall est le premier sp\u00e9cialiste de vente en en ligne de papier peint en France ! Venez vite d\u00e9couvrir leurs cr\u00e9ation originales et accessibles \u00e0 toutes les bourses. Venez d\u00e9couvrir leur catalogue de papier peint cr\u00e9ation &amp; design, photographie &amp; collections ainsi que leur syst\u00e8me pour imprimer vos propres motifs d&rsquo;apr\u00e8s une photo ou une image.<\/p>\n\n\n\n<p><a href=\"https:\/\/www.ohmywall.com\">www.ohmywall.com<\/a><\/p>\n\n\n\n<h2 class=\"wp-block-heading\">MH DECO<\/h2>\n\n\n\n<p>Architecte et d\u00e9corateur d&rsquo;int\u00e9rieur (\u00e0 rediriger vers : www.mh-deco.fr) intervenant sur toute la France pour des conseils en d\u00e9coration jusqu&rsquo;\u00e0 la r\u00e9alisation de votre futur int\u00e9rieur en 3D, en passant par des listes shopping et le courtage travaux.<\/p>\n\n\n\n<p><a href=\"https:\/\/blog.mhdeco.fr\">blog.mhdeco.fr<\/a><\/p>\n\n\n\n<h2 class=\"wp-block-heading\">Tapissier \u00e0 Paris<\/h2>\n\n\n\n<p>Vous souhaitez changer le look de vos fauteuils anciens, rien de plus facile, je me d\u00e9place gratuitement pour des idees et un devis!!!<\/p>\n\n\n\n<p><a href=\"https:\/\/tapissier-iledefrance.over-blog.com\">tapissier-iledefrance.over-blog.com<\/a><\/p>\n\n\n\n<h2 class=\"wp-block-heading\">Tableaux Provence<\/h2>\n\n\n\n<p>Deco de charme &#8211; Tableaux Dans une ambiance ensoleill\u00e9e l&rsquo;atelier Artus et ses tableaux de Provence vous propose une d\u00e9coration de charme \u00e0 forte connotation campagnarde pour \u00e9gayer vos murs. De la cuisine au s\u00e9jour en passant par les chambres une d\u00e9co de bon go\u00fbt \u00e0 des prix tr\u00e8s comp\u00e9titifs. Nombreux formats et couleurs de cadres.<\/p>\n\n\n\n<p><a href=\"https:\/\/tableaux-provence.com\">tableaux-provence.com<\/a><\/p>\n\n\n\n<h2 class=\"wp-block-heading\">Maison.com<\/h2>\n\n\n\n<p>Lorsqu\u2019on red\u00e9core sa maison, le choix des tissus et la confection des rideaux sont un passage oblig\u00e9. Site \u00e9ditorial traitant transversalement tous les univers de la \u00abMaison\u00bb, www.maison.com est un magazine collaboratif enti\u00e8rement r\u00e9dig\u00e9 par des journalistes professionnels du secteur de la maison.<\/p>\n\n\n\n<p><a href=\"https:\/\/www.maison.com\">www.maison.com<\/a><\/p>\n\n\n\n<h2 class=\"wp-block-heading\">FadParis<\/h2>\n\n\n\n<p>La Boutique de FadParis vous permet d&rsquo;acqu\u00e9rir en ligne des articles de d\u00e9coration en direct des fabricants. Qualit\u00e9 assur\u00e9e. Coussins, abat-jour, tableaux, vasque en pierre, fa\u00efence de cuisine et articles design pour le jardin. Mod\u00e8les originaux, l&rsquo;am\u00e9nagement de votre maison a du go\u00fbt sur FadParis.<\/p>\n\n\n\n<p><a href=\"https:\/\/boutique.fadparis.com\">boutique.fadparis.com<\/a><\/p>\n\n\n\n<h2 class=\"wp-block-heading\">Marie Carotte<\/h2>\n\n\n\n<p>Marie Carotte, c&rsquo;est la cr\u00e9ation d&rsquo;objets de d\u00e9coration comme des poufs, des coussins, des tableaux, des toiles murales et des plateaux, qu\u2019illustrent des artistes de talents. Des univers accord\u00e9s en design et en coloris par le travail de l\u2019artiste. Floral, bucolique, Tim Burtonien ou enfantin, chaque univers est une invitation au plaisir au travers de l\u2019histoire qu\u2019il nous conte ! Laissez-vous raconter ces moments d\u2019oubli, ces fragments d\u2019imaginaires et cette vision de r\u00eave !<\/p>\n\n\n\n<p><a href=\"https:\/\/www.marie-carotte.fr\">www.marie-carotte.fr<\/a><\/p>\n\n\n\n<h2 class=\"wp-block-heading\">Cour des Cr\u00e9ateurs.com<\/h2>\n\n\n\n<p>Courdescr\u00e9ateurs.com, c&rsquo;est plus de 85 id\u00e9es de cours cr\u00e9atifs et de stage d&rsquo;\u00e9t\u00e9 en cuisine, mode et d\u00e9coration d&rsquo;int\u00e9rieur \u00e0 Paris.<\/p>\n\n\n\n<p><a href=\"https:\/\/www.courdescreateurs.com\">www.courdescreateurs.com<\/a><\/p>\n\n\n\n<h2 class=\"wp-block-heading\">Cmadeco<\/h2>\n\n\n\n<p>Suite \u00e0 l&rsquo;acquisition d&rsquo;un loft en r\u00e9gion parisienne, je me suis constitu\u00e9e un portefeuille d\u2019id\u00e9es d\u00e9co. Le blog Cmadeco est n\u00e9 pour vous faire partager cet univers : meubles, objets, mat\u00e9riaux, couleurs&#8230;<\/p>\n\n\n\n<figure class=\"wp-block-embed\"><div class=\"wp-block-embed__wrapper\">\nhttps:\/\/blogs.cotemaison.fr\/cmadeco\/\n<\/div><\/figure>\n\n\n\n<h2 class=\"wp-block-heading\">Le D\u00e9corateur Virtuel<\/h2>\n\n\n\n<p>Le D\u00e9corateur Virtuel est un logiciel de peinture en ligne gratuit permettant de visualiser d&rsquo;innombrables agencements de teintes et couleurs \u00e0 partir de vos propres photos.<\/p>\n\n\n\n<p><a href=\"https:\/\/www.decorateurvirtuel.com\">www.decorateurvirtuel.com<\/a><\/p>\n\n\n\n<h2 class=\"wp-block-heading\">Tourne et Vis<\/h2>\n\n\n\n<p>Tourne&amp;Vis est une soci\u00e9t\u00e9 de bricolage \u00e0 domicile qui se destine aux particuliers et aux entreprises. Si vous n\u2019avez ni le temps ni l\u2019envie de bricoler, alors Tourne et Vis est l\u00e0 pour vous !<br><a href=\"https:\/\/www.tourne-et-vis.com\">www.tourne-et-vis.com<\/a><\/p>\n","protected":false},"excerpt":{"rendered":"<p>La d\u00e9coration vous passionne et vous souhaitez agrandir votre terrain de jeu en piochant parmi les savoir faire de nombreux sp\u00e9cialistes&nbsp;? Nous vous pr\u00e9sentons sur cette page ce que nous aimons et ce que nous recommandons chez nos confr\u00e8res&nbsp;: des voilages brod\u00e9s, macram\u00e9s ou brise-bise en compl\u00e9ment des rideaux que vous pouvez commander pr\u00eats \u00e0 poser ou sur mesures sur mesrideaux.fr, les plaids en mati\u00e8res naturelles luxueuses telles l\u2019alpaga ou le cachemire de Plaid Addict, \u00e0 associer \u00e0 votre canap\u00e9 [&hellip;]<\/p>\n","protected":false},"author":1,"featured_media":0,"parent":0,"menu_order":0,"comment_status":"closed","ping_status":"closed","template":"","meta":{"_acf_changed":false,"inline_featured_image":false,"footnotes":""},"class_list":["post-4435","page","type-page","status-publish","hentry"],"yoast_head":"<!-- This site is optimized with the Yoast SEO plugin v26.1.1 - https:\/\/yoast.com\/wordpress\/plugins\/seo\/ -->\n<title>Nos partenaires - Mes Rideaux Blog<\/title>\n<meta name=\"robots\" content=\"index, follow, max-snippet:-1, max-image-preview:large, max-video-preview:-1\" \/>\n<link rel=\"canonical\" href=\"https:\/\/www.mesrideaux.fr\/blog\/nos-partenaires\/\" \/>\n<meta property=\"og:locale\" content=\"fr_FR\" \/>\n<meta property=\"og:type\" content=\"article\" \/>\n<meta property=\"og:title\" content=\"Nos partenaires - Mes Rideaux Blog\" \/>\n<meta property=\"og:description\" content=\"La d\u00e9coration vous passionne et vous souhaitez agrandir votre terrain de jeu en piochant parmi les savoir faire de nombreux sp\u00e9cialistes&nbsp;? Nous vous pr\u00e9sentons sur cette page ce que nous aimons et ce que nous recommandons chez nos confr\u00e8res&nbsp;: des voilages brod\u00e9s, macram\u00e9s ou brise-bise en compl\u00e9ment des rideaux que vous pouvez commander pr\u00eats \u00e0 poser ou sur mesures sur mesrideaux.fr, les plaids en mati\u00e8res naturelles luxueuses telles l\u2019alpaga ou le cachemire de Plaid Addict, \u00e0 associer \u00e0 votre canap\u00e9 [&hellip;]\" \/>\n<meta property=\"og:url\" content=\"https:\/\/www.mesrideaux.fr\/blog\/nos-partenaires\/\" \/>\n<meta property=\"og:site_name\" content=\"Mes Rideaux Blog\" \/>\n<meta property=\"article:modified_time\" content=\"2020-11-20T15:06:02+00:00\" \/>\n<meta name=\"twitter:card\" content=\"summary_large_image\" \/>\n<meta name=\"twitter:label1\" content=\"Est. reading time\" \/>\n\t<meta name=\"twitter:data1\" content=\"5 minutes\" \/>\n<script type=\"application\/ld+json\" class=\"yoast-schema-graph\">{\"@context\":\"https:\/\/schema.org\",\"@graph\":[{\"@type\":\"WebPage\",\"@id\":\"https:\/\/www.mesrideaux.fr\/blog\/nos-partenaires\/\",\"url\":\"https:\/\/www.mesrideaux.fr\/blog\/nos-partenaires\/\",\"name\":\"Nos partenaires - Mes Rideaux Blog\",\"isPartOf\":{\"@id\":\"https:\/\/www.mesrideaux.fr\/blog\/#website\"},\"datePublished\":\"2020-11-20T15:06:01+00:00\",\"dateModified\":\"2020-11-20T15:06:02+00:00\",\"breadcrumb\":{\"@id\":\"https:\/\/www.mesrideaux.fr\/blog\/nos-partenaires\/#breadcrumb\"},\"inLanguage\":\"fr-FR\",\"potentialAction\":[{\"@type\":\"ReadAction\",\"target\":[\"https:\/\/www.mesrideaux.fr\/blog\/nos-partenaires\/\"]}]},{\"@type\":\"BreadcrumbList\",\"@id\":\"https:\/\/www.mesrideaux.fr\/blog\/nos-partenaires\/#breadcrumb\",\"itemListElement\":[{\"@type\":\"ListItem\",\"position\":1,\"name\":\"Home\",\"item\":\"https:\/\/www.mesrideaux.fr\/blog\/\"},{\"@type\":\"ListItem\",\"position\":2,\"name\":\"Nos partenaires\"}]},{\"@type\":\"WebSite\",\"@id\":\"https:\/\/www.mesrideaux.fr\/blog\/#website\",\"url\":\"https:\/\/www.mesrideaux.fr\/blog\/\",\"name\":\"Mes Rideaux Blog\",\"description\":\"Un site utilisant WordPress\",\"potentialAction\":[{\"@type\":\"SearchAction\",\"target\":{\"@type\":\"EntryPoint\",\"urlTemplate\":\"https:\/\/www.mesrideaux.fr\/blog\/?s={search_term_string}\"},\"query-input\":{\"@type\":\"PropertyValueSpecification\",\"valueRequired\":true,\"valueName\":\"search_term_string\"}}],\"inLanguage\":\"fr-FR\"}]}<\/script>\n<!-- \/ Yoast SEO plugin. -->","yoast_head_json":{"title":"Nos partenaires - Mes Rideaux Blog","robots":{"index":"index","follow":"follow","max-snippet":"max-snippet:-1","max-image-preview":"max-image-preview:large","max-video-preview":"max-video-preview:-1"},"canonical":"https:\/\/www.mesrideaux.fr\/blog\/nos-partenaires\/","og_locale":"fr_FR","og_type":"article","og_title":"Nos partenaires - Mes Rideaux Blog","og_description":"La d\u00e9coration vous passionne et vous souhaitez agrandir votre terrain de jeu en piochant parmi les savoir faire de nombreux sp\u00e9cialistes&nbsp;? Nous vous pr\u00e9sentons sur cette page ce que nous aimons et ce que nous recommandons chez nos confr\u00e8res&nbsp;: des voilages brod\u00e9s, macram\u00e9s ou brise-bise en compl\u00e9ment des rideaux que vous pouvez commander pr\u00eats \u00e0 poser ou sur mesures sur mesrideaux.fr, les plaids en mati\u00e8res naturelles luxueuses telles l\u2019alpaga ou le cachemire de Plaid Addict, \u00e0 associer \u00e0 votre canap\u00e9 [&hellip;]","og_url":"https:\/\/www.mesrideaux.fr\/blog\/nos-partenaires\/","og_site_name":"Mes Rideaux Blog","article_modified_time":"2020-11-20T15:06:02+00:00","twitter_card":"summary_large_image","twitter_misc":{"Est. reading time":"5 minutes"},"schema":{"@context":"https:\/\/schema.org","@graph":[{"@type":"WebPage","@id":"https:\/\/www.mesrideaux.fr\/blog\/nos-partenaires\/","url":"https:\/\/www.mesrideaux.fr\/blog\/nos-partenaires\/","name":"Nos partenaires - Mes Rideaux Blog","isPartOf":{"@id":"https:\/\/www.mesrideaux.fr\/blog\/#website"},"datePublished":"2020-11-20T15:06:01+00:00","dateModified":"2020-11-20T15:06:02+00:00","breadcrumb":{"@id":"https:\/\/www.mesrideaux.fr\/blog\/nos-partenaires\/#breadcrumb"},"inLanguage":"fr-FR","potentialAction":[{"@type":"ReadAction","target":["https:\/\/www.mesrideaux.fr\/blog\/nos-partenaires\/"]}]},{"@type":"BreadcrumbList","@id":"https:\/\/www.mesrideaux.fr\/blog\/nos-partenaires\/#breadcrumb","itemListElement":[{"@type":"ListItem","position":1,"name":"Home","item":"https:\/\/www.mesrideaux.fr\/blog\/"},{"@type":"ListItem","position":2,"name":"Nos partenaires"}]},{"@type":"WebSite","@id":"https:\/\/www.mesrideaux.fr\/blog\/#website","url":"https:\/\/www.mesrideaux.fr\/blog\/","name":"Mes Rideaux Blog","description":"Un site utilisant WordPress","potentialAction":[{"@type":"SearchAction","target":{"@type":"EntryPoint","urlTemplate":"https:\/\/www.mesrideaux.fr\/blog\/?s={search_term_string}"},"query-input":{"@type":"PropertyValueSpecification","valueRequired":true,"valueName":"search_term_string"}}],"inLanguage":"fr-FR"}]}},"acf":[],"jetpack_sharing_enabled":true,"_links":{"self":[{"href":"https:\/\/www.mesrideaux.fr\/blog\/wp-json\/wp\/v2\/pages\/4435","targetHints":{"allow":["GET"]}}],"collection":[{"href":"https:\/\/www.mesrideaux.fr\/blog\/wp-json\/wp\/v2\/pages"}],"about":[{"href":"https:\/\/www.mesrideaux.fr\/blog\/wp-json\/wp\/v2\/types\/page"}],"author":[{"embeddable":true,"href":"https:\/\/www.mesrideaux.fr\/blog\/wp-json\/wp\/v2\/users\/1"}],"replies":[{"embeddable":true,"href":"https:\/\/www.mesrideaux.fr\/blog\/wp-json\/wp\/v2\/comments?post=4435"}],"version-history":[{"count":2,"href":"https:\/\/www.mesrideaux.fr\/blog\/wp-json\/wp\/v2\/pages\/4435\/revisions"}],"predecessor-version":[{"id":4438,"href":"https:\/\/www.mesrideaux.fr\/blog\/wp-json\/wp\/v2\/pages\/4435\/revisions\/4438"}],"wp:attachment":[{"href":"https:\/\/www.mesrideaux.fr\/blog\/wp-json\/wp\/v2\/media?parent=4435"}],"curies":[{"name":"wp","href":"https:\/\/api.w.org\/{rel}","templated":true}]}}